{"id":889,"date":"2024-04-23T07:13:11","date_gmt":"2024-04-23T11:13:11","guid":{"rendered":"http:\/\/www.pjchadwick.com\/product\/changelings-the-discovery-of-atlantis\/"},"modified":"2025-08-13T08:52:25","modified_gmt":"2025-08-13T12:52:25","slug":"book-changelings-the-discovery-of-atlantis","status":"publish","type":"product","link":"https:\/\/www.pjchadwick.com\/en\/product\/book-changelings-the-discovery-of-atlantis","title":{"rendered":"Changelings &#8211; The Discovery of Atlantis"},"content":{"rendered":"<p>Un livre pour lecteur anglais d\u00e9butant \u00e0 partir de 8 ans. Une histoire fascinante et myst\u00e9rieuse qui nous plonge au c\u0153ur de l&#8217;oc\u00e9an.<\/p>\n<p>Everything has collapsed, and drones are hunting down the last few human survivors to enslave them in giant glass domes. The only way to escape is to adapt, to mutate into something else.\u00a0In the heart of the ocean lies a dark secret. Monsters of another age are lurking in the shadows. Who are these strange beings living in the lost ruins of Atlantis and why are they constantly changing form?<\/p>\n","protected":false},"excerpt":{"rendered":"<p>Un livre pour lecteur anglais d\u00e9butant \u00e0 partir de 8 ans. Une histoire fascinante et myst\u00e9rieuse qui nous plonge au c\u0153ur de l&#8217;oc\u00e9an.<\/p>\n<p>Everything has collapsed, and drones are hunting down the last few human survivors to enslave them in giant glass domes. The only way to escape is to adapt, to mutate into something else.\u00a0In the heart of the ocean lies a dark secret. Monsters of another age are lurking in the shadows. Who are these strange beings living in the lost ruins of Atlantis and why are they constantly changing form?<\/p>\n","protected":false},"featured_media":890,"template":"","meta":{"_acf_changed":false,"slim_seo":{"title":"Changelings - The Discovery of Atlantis - www.pjchadwick.com","description":"Un livre pour lecteur anglais d\u00e9butant \u00e0 partir de 8 ans. Une histoire fascinante et myst\u00e9rieuse qui nous plonge au c\u0153ur de l'oc\u00e9an. Everything has collapsed, a"}},"product_brand":[],"product_cat":[84,68],"product_tag":[],"class_list":{"0":"post-889","1":"product","2":"type-product","3":"status-publish","4":"has-post-thumbnail","6":"product_cat-book-en","7":"product_cat-livre-en","8":"product_shipping_class-free","10":"first","11":"instock","12":"taxable","13":"shipping-taxable","14":"purchasable","15":"product-type-simple"},"acf":[],"_links":{"self":[{"href":"https:\/\/www.pjchadwick.com\/en\/wp-json\/wp\/v2\/product\/889","targetHints":{"allow":["GET"]}}],"collection":[{"href":"https:\/\/www.pjchadwick.com\/en\/wp-json\/wp\/v2\/product"}],"about":[{"href":"https:\/\/www.pjchadwick.com\/en\/wp-json\/wp\/v2\/types\/product"}],"wp:featuredmedia":[{"embeddable":true,"href":"https:\/\/www.pjchadwick.com\/en\/wp-json\/wp\/v2\/media\/890"}],"wp:attachment":[{"href":"https:\/\/www.pjchadwick.com\/en\/wp-json\/wp\/v2\/media?parent=889"}],"wp:term":[{"taxonomy":"product_brand","embeddable":true,"href":"https:\/\/www.pjchadwick.com\/en\/wp-json\/wp\/v2\/product_brand?post=889"},{"taxonomy":"product_cat","embeddable":true,"href":"https:\/\/www.pjchadwick.com\/en\/wp-json\/wp\/v2\/product_cat?post=889"},{"taxonomy":"product_tag","embeddable":true,"href":"https:\/\/www.pjchadwick.com\/en\/wp-json\/wp\/v2\/product_tag?post=889"}],"curies":[{"name":"wp","href":"https:\/\/api.w.org\/{rel}","templated":true}]}}